{"id":423,"date":"2019-03-06T13:39:43","date_gmt":"2019-03-06T12:39:43","guid":{"rendered":"https:\/\/colibriwp-work.colibriwp.com\/business-ii\/?page_id=423"},"modified":"2024-04-03T12:40:38","modified_gmt":"2024-04-03T10:40:38","slug":"kontakt","status":"publish","type":"page","link":"https:\/\/www.usgdoppler.com\/index.php\/kontakt\/","title":{"rendered":"Kontakt"},"content":{"rendered":"<div data-colibri-id=\"423-c1\" class=\"style-576 style-local-423-c1 position-relative\">\n  <!----><\/p>\n<div data-colibri-component=\"section\" data-colibri-id=\"423-c2\" id=\"contact-3\" class=\"h-section h-section-global-spacing d-flex align-items-lg-center align-items-md-center align-items-center style-802 style-local-423-c2 position-relative\">\n    <!----><br \/>\n    <!----><\/p>\n<div class=\"h-section-grid-container h-section-boxed-container\">\n      <!----><\/p>\n<div data-colibri-id=\"423-c3\" class=\"h-row-container gutters-row-lg-0 gutters-row-md-0 gutters-row-0 gutters-row-v-lg-0 gutters-row-v-md-0 gutters-row-v-0 style-803 style-local-423-c3 position-relative\">\n        <!----><\/p>\n<div class=\"h-row justify-content-lg-center justify-content-md-center justify-content-center align-items-lg-stretch align-items-md-stretch align-items-stretch gutters-col-lg-0 gutters-col-md-0 gutters-col-0 gutters-col-v-lg-0 gutters-col-v-md-0 gutters-col-v-0\">\n          <!----><\/p>\n<div class=\"h-column h-column-container d-flex h-col-lg-auto h-col-md-auto h-col-auto style-804-outer style-local-423-c4-outer\">\n<div data-colibri-id=\"423-c4\" class=\"d-flex h-flex-basis h-column__inner h-ui-empty-state-container h-px-lg-0 h-px-md-0 h-px-0 v-inner-lg-0 v-inner-md-0 v-inner-0 style-804 style-local-423-c4 position-relative\">\n<div class=\"background-wrapper\">\n<div class=\"background-layer background-layer-media-container-lg\">\n                  <!----><\/p>\n<div class=\"overlay-layer\">\n<div class=\"overlay-image-layer\" style=\"background-image: linear-gradient(90deg, rgba(255, 255, 255, 0) 70%, rgb(255, 255, 255) 100%);\"><\/div>\n<\/p><\/div>\n<\/p><\/div>\n<div class=\"background-layer background-layer-media-container-md\">\n                  <!----><\/p>\n<div class=\"overlay-layer\">\n<div class=\"overlay-image-layer\" style=\"background-image: linear-gradient(90deg, rgba(255, 255, 255, 0) 70%, rgb(255, 255, 255) 100%);\"><\/div>\n<\/p><\/div>\n<\/p><\/div>\n<div class=\"background-layer background-layer-media-container\">\n                  <!----><\/p>\n<div class=\"overlay-layer\">\n<div class=\"overlay-image-layer\" style=\"background-image: linear-gradient(90deg, rgba(255, 255, 255, 0) 70%, rgb(255, 255, 255) 100%);\"><\/div>\n<\/p><\/div>\n<\/p><\/div>\n<\/p><\/div>\n<p>              <!----><\/p>\n<div class=\"w-100 h-y-container h-column__content h-column__v-align flex-basis-100\">\n                <!---->\n              <\/div>\n<\/p><\/div>\n<\/p><\/div>\n<div class=\"h-column h-column-container d-flex h-col-lg-auto h-col-md-auto h-col-auto style-805-outer style-local-423-c5-outer\">\n<div data-colibri-id=\"423-c5\" class=\"d-flex h-flex-basis h-column__inner h-px-lg-3 h-px-md-3 h-px-3 v-inner-lg-3 v-inner-md-3 v-inner-3 style-805 style-local-423-c5 position-relative\">\n              <!----><br \/>\n              <!----><\/p>\n<div class=\"w-100 h-y-container h-column__content h-column__v-align flex-basis-100 align-self-lg-end align-self-md-end align-self-end\">\n                <!----><\/p>\n<div data-colibri-id=\"423-c6\" class=\"h-global-transition-all h-heading style-806 style-local-423-c6 position-relative h-element\">\n                  <!----><\/p>\n<div class=\"h-heading__outer style-806 style-local-423-c6\">\n                    <!----><br \/>\n                    <!----><\/p>\n<h3 class=\"\">Formularz kontaktowy<\/h3>\n<\/p><\/div>\n<\/p><\/div>\n<div data-colibri-id=\"423-c7\" class=\"style-807 style-local-423-c7 position-relative h-element\">\n                  <!----><\/p>\n<div class=\"h-global-transition-all h-global-transition h-global-transition-all h-contact-form-shortcode\">[colibri_contact_form use_shortcode_style=&#8221;0&#8243; shortcode=&#8221;JTVCY29udGFjdC1mb3JtLTclMjBpZCUzRCUyMjEyNDYlMjIlMjB0aXRsZSUzRCUyMkZvcm11bGFyel8xJTIyJTVE&#8221;]<\/div>\n<\/p><\/div>\n<\/p><\/div>\n<\/p><\/div>\n<\/p><\/div>\n<\/p><\/div>\n<\/p><\/div>\n<\/p><\/div>\n<\/p><\/div>\n<div data-colibri-component=\"section\" data-colibri-id=\"423-c8\" id=\"contact-2\" class=\"h-section h-section-global-spacing d-flex align-items-lg-center align-items-md-center align-items-center style-584 style-local-423-c8 position-relative\">\n    <!----><br \/>\n    <!----><\/p>\n<div class=\"h-section-grid-container h-section-fluid-container\">\n      <!----><\/p>\n<div data-colibri-id=\"423-c9\" class=\"h-row-container gutters-row-lg-0 gutters-row-md-0 gutters-row-0 gutters-row-v-lg-0 gutters-row-v-md-0 gutters-row-v-0 style-585 style-local-423-c9 position-relative\">\n        <!----><\/p>\n<div class=\"h-row justify-content-lg-center justify-content-md-center justify-content-center align-items-lg-stretch align-items-md-stretch align-items-stretch gutters-col-lg-0 gutters-col-md-0 gutters-col-0 gutters-col-v-lg-0 gutters-col-v-md-0 gutters-col-v-0\">\n          <!----><\/p>\n<div class=\"h-column h-column-container d-flex h-col-lg-auto h-col-md-auto h-col-auto style-586-outer style-local-423-c10-outer\">\n<div data-colibri-id=\"423-c10\" class=\"d-flex h-flex-basis h-column__inner h-ui-empty-state-container h-px-lg-0 h-px-md-0 h-px-0 v-inner-lg-0 v-inner-md-0 v-inner-0 style-586 style-local-423-c10 position-relative\">\n              <!----><br \/>\n              <!----><\/p>\n<div class=\"w-100 h-y-container h-column__content h-column__v-align flex-basis-100\">\n                <!---->\n              <\/div>\n<\/p><\/div>\n<\/p><\/div>\n<div class=\"h-column h-column-container d-flex h-col-lg-auto h-col-md-auto h-col-auto style-587-outer style-local-423-c11-outer\">\n<div data-colibri-id=\"423-c11\" class=\"d-flex h-flex-basis h-column__inner h-px-lg-3 h-px-md-3 h-px-3 v-inner-lg-3 v-inner-md-3 v-inner-3 style-587 style-local-423-c11 position-relative\">\n              <!----><br \/>\n              <!----><\/p>\n<div class=\"w-100 h-y-container h-column__content h-column__v-align flex-basis-100 align-self-lg-center align-self-md-center align-self-center\">\n                <!----><\/p>\n<div data-colibri-id=\"423-c12\" class=\"h-global-transition-all h-heading style-588 style-local-423-c12 position-relative h-element\">\n                  <!----><\/p>\n<div class=\"h-heading__outer style-588 style-local-423-c12\">\n                    <!----><br \/>\n                    <!----><\/p>\n<h2 class=\"\">Kontakt<\/h2>\n<\/p><\/div>\n<\/p><\/div>\n<div data-colibri-id=\"423-c13\" class=\"h-text h-text-component style-589 style-local-423-c13 position-relative h-element\">\n                  <!----><br \/>\n                  <!----><\/p>\n<div class=\"\">\n<p>Niestety nie zawsze mog\u0119 odebra\u0107 telefon. Prosz\u0119 o kontakt na maila lub przez formularz.<\/p>\n<\/p><\/div>\n<\/p><\/div>\n<div data-colibri-id=\"423-c14\" class=\"icon-list d-flex justify-content-lg-start justify-content-md-start justify-content-center style-590 style-local-423-c14 position-relative h-element\">\n                  <!----><\/p>\n<ul class=\"ul-list-icon vertical-on-desktop vertical-on-tablet vertical-on-mobile justify-content-lg-start justify-content-md-start justify-content-center\">\n                    <!----><\/p>\n<li class=\"list-item no-gutters\">\n                      <!----><\/p>\n<div class=\"list-container-divider d-flex justify-content-lg-start justify-content-md-start justify-content-center first-el-spacer\"><\/div>\n<p> <span class=\"item-link no-gutters\"><\/p>\n<div class=\"d-flex h-col no-gutters align-items-lg-start align-items-md-start align-items-start list-item-text-wrapper\">\n<div class=\"d-flex\"><span  class=\"h-svg-icon style-590-icon style-local-423-c14-icon\"><!--Icon by Icons8 Line Awesome (https:\/\/icons8.com\/line-awesome)--><svg version=\"1.1\" xmlns=\"http:\/\/www.w3.org\/2000\/svg\" xmlns:xlink=\"http:\/\/www.w3.org\/1999\/xlink\" id=\"phone\" viewBox=\"0 0 512 545.5\"><path d=\"M138.5 80c8.375 0 16.656 3.024 23.5 8.5l1 .5.5.5 64 66 1.5 1.5-.5.5c14.174 13.212 13.968 35.53.5 49l-32 32c4.92 11.277 18.33 40.02 44.5 65 26.358 25.16 53.932 39.467 65.5 45l31.5-31.5.5-.5c13.28-13.28 36.72-13.28 50 0l.5 1 65 65c13.28 13.28 13.28 36.22 0 49.5L405 481.5l-.5.5-.5.5c-15.01 12.867-36.04 17.486-55.5 11h-.5c-37.55-14.693-113.51-48.01-181.5-116C98.773 309.773 64.052 234.84 50.5 196c-.035-.1.034-.4 0-.5-6.703-18.434-1.915-39.738 13.5-54l-.5-.5 50-51.5.5-.5 1-.5c6.844-5.476 15.125-8.5 23.5-8.5zm0 32c-1.172 0-2.344.575-3.5 1.5L86.5 163l-.5.5-.5.5c-5.674 4.863-7.44 14.493-5 21 12.12 34.847 45.2 106.7 108.5 170 62.784 62.784 133.224 93.76 169.5 108 9.34 3.113 17.11 1.833 24.5-4.5l49-49c2.72-2.72 2.72-1.78 0-4.5l-65.5-65.5c-2.72-2.72-2.28-2.72-5 0l-40 40-7.5 7.5-10-4.5s-43.83-18.552-81-52.5l-3.5-3c-38.595-36.84-57-86-57-86l-3.5-10 7.5-7 40-40c1.966-1.966.874-3.6 1-3.5l-.5-.5-1-1-64-65.5c-1.156-.925-2.328-1.5-3.5-1.5z\"><\/path><\/svg><\/span><\/div>\n<p>                <span class=\"list-text d-block\"><span>(+48) 502 488 725<\/span><\/span>\n              <\/div>\n<p>              <\/span><\/p>\n<div class=\"list-container-divider d-flex justify-content-lg-start justify-content-md-start justify-content-center\">\n                <!---->\n              <\/div>\n<\/li>\n<li class=\"list-item no-gutters\">\n                <!----><br \/>\n                <!----><span class=\"item-link no-gutters\"><\/p>\n<div class=\"d-flex h-col no-gutters align-items-lg-start align-items-md-start align-items-start list-item-text-wrapper\">\n<div class=\"d-flex\"><span  class=\"h-svg-icon style-590-icon style-local-423-c14-icon\"><!--Icon by Icons8 Line Awesome (https:\/\/icons8.com\/line-awesome)--><svg version=\"1.1\" xmlns=\"http:\/\/www.w3.org\/2000\/svg\" xmlns:xlink=\"http:\/\/www.w3.org\/1999\/xlink\" id=\"envelope\" viewBox=\"0 0 512 545.5\"><path d=\"M48 160h416v288H48V160zm69 32l139 92.5L395 192H117zm-37 14v210h352V206L265 317.5l-9 5.5-9-5.5z\"><\/path><\/svg><\/span><\/div>\n<p>            <span class=\"list-text d-block\"><span>kontakt@usgdoppler.com<\/span><\/span>\n          <\/div>\n<p>          <\/span><\/p>\n<div class=\"list-container-divider d-flex justify-content-lg-start justify-content-md-start justify-content-center\">\n            <!---->\n          <\/div>\n<\/li>\n<li class=\"list-item no-gutters\">\n            <!----><br \/>\n            <!----><span class=\"item-link no-gutters\"><\/p>\n<div class=\"d-flex h-col no-gutters align-items-lg-start align-items-md-start align-items-start list-item-text-wrapper\">\n<div class=\"d-flex\"><span  class=\"h-svg-icon style-590-icon style-local-423-c14-icon\"><!--Icon by Icons8 Line Awesome (https:\/\/icons8.com\/line-awesome)--><svg version=\"1.1\" xmlns=\"http:\/\/www.w3.org\/2000\/svg\" xmlns:xlink=\"http:\/\/www.w3.org\/1999\/xlink\" id=\"map-marker\" viewBox=\"0 0 512 545.5\"><path d=\"M256 80c79.336 0 144 64.664 144 144 0 22.5-9.116 48.313-21.5 76.5s-28.314 58.098-44.5 86C301.628 442.306 269 489 269 489l-13 19-13-19s-32.628-46.694-65-102.5c-16.186-27.902-32.116-57.813-44.5-86S112 246.5 112 224c0-79.336 64.664-144 144-144zm0 32c-62.04 0-112 49.96-112 112 0 12.844 6.884 37.06 18.5 63.5s27.686 55.738 43.5 83c25.155 43.364 40.74 66.3 50 80 9.26-13.7 24.845-36.636 50-80 15.815-27.262 31.884-56.56 43.5-83S368 236.844 368 224c0-62.04-49.96-112-112-112zm0 80c17.673 0 32 14.327 32 32s-14.327 32-32 32-32-14.327-32-32 14.327-32 32-32z\"><\/path><\/svg><\/span><\/div>\n<p>        <span class=\"list-text d-block\"><span>ul. Chojnicka 11 Ko\u015bcierzyna<\/span><\/span>\n      <\/div>\n<p>      <\/span><\/p>\n<div class=\"list-container-divider d-flex justify-content-lg-start justify-content-md-start justify-content-center\" style=\"display: none;\">\n        <!---->\n      <\/div>\n<div class=\"list-container-divider d-flex justify-content-lg-start justify-content-md-start justify-content-center last-el-spacer\"><\/div>\n<\/li>\n<\/ul><\/div>\n<\/p><\/div>\n<\/div>\n<\/div>\n<\/div>\n<\/div>\n<\/div>\n<\/div>\n<\/div>\n","protected":false},"excerpt":{"rendered":"<p>Formularz kontaktowy [colibri_contact_form use_shortcode_style=&#8221;0&#8243; shortcode=&#8221;JTVCY29udGFjdC1mb3JtLTclMjBpZCUzRCUyMjEyNDYlMjIlMjB0aXRsZSUzRCUyMkZvcm11bGFyel8xJTIyJTVE&#8221;] Kontakt Niestety nie zawsze mog\u0119 odebra\u0107 telefon. Prosz\u0119 o kontakt na maila lub przez formularz. (+48) 502 488 725 kontakt@usgdoppler.com ul. Chojnicka 11 Ko\u015bcierzyna<\/p>\n","protected":false},"author":1,"featured_media":0,"parent":0,"menu_order":0,"comment_status":"closed","ping_status":"closed","template":"page-templates\/full-width-page.php","meta":{"footnotes":""},"class_list":["post-423","page","type-page","status-publish","hentry"],"yoast_head":"<!-- This site is optimized with the Yoast SEO plugin v27.4 - https:\/\/yoast.com\/product\/yoast-seo-wordpress\/ -->\n<title>Kontakt - Gabinet USG Doppler<\/title>\n<meta name=\"robots\" content=\"index, follow, max-snippet:-1, max-image-preview:large, max-video-preview:-1\" \/>\n<link rel=\"canonical\" href=\"https:\/\/www.usgdoppler.com\/index.php\/kontakt\/\" \/>\n<meta property=\"og:locale\" content=\"pl_PL\" \/>\n<meta property=\"og:type\" content=\"article\" \/>\n<meta property=\"og:title\" content=\"Kontakt - Gabinet USG Doppler\" \/>\n<meta property=\"og:description\" content=\"Formularz kontaktowy [colibri_contact_form use_shortcode_style=&#8221;0&#8243; shortcode=&#8221;JTVCY29udGFjdC1mb3JtLTclMjBpZCUzRCUyMjEyNDYlMjIlMjB0aXRsZSUzRCUyMkZvcm11bGFyel8xJTIyJTVE&#8221;] Kontakt Niestety nie zawsze mog\u0119 odebra\u0107 telefon. Prosz\u0119 o kontakt na maila lub przez formularz. (+48) 502 488 725 kontakt@usgdoppler.com ul. Chojnicka 11 Ko\u015bcierzyna\" \/>\n<meta property=\"og:url\" content=\"https:\/\/www.usgdoppler.com\/index.php\/kontakt\/\" \/>\n<meta property=\"og:site_name\" content=\"Gabinet USG Doppler\" \/>\n<meta property=\"article:modified_time\" content=\"2024-04-03T10:40:38+00:00\" \/>\n<meta name=\"twitter:card\" content=\"summary_large_image\" \/>\n<script type=\"application\/ld+json\" class=\"yoast-schema-graph\">{\"@context\":\"https:\\\/\\\/schema.org\",\"@graph\":[{\"@type\":\"WebPage\",\"@id\":\"https:\\\/\\\/www.usgdoppler.com\\\/index.php\\\/kontakt\\\/\",\"url\":\"https:\\\/\\\/www.usgdoppler.com\\\/index.php\\\/kontakt\\\/\",\"name\":\"Kontakt - Gabinet USG Doppler\",\"isPartOf\":{\"@id\":\"https:\\\/\\\/www.usgdoppler.com\\\/#website\"},\"datePublished\":\"2019-03-06T12:39:43+00:00\",\"dateModified\":\"2024-04-03T10:40:38+00:00\",\"breadcrumb\":{\"@id\":\"https:\\\/\\\/www.usgdoppler.com\\\/index.php\\\/kontakt\\\/#breadcrumb\"},\"inLanguage\":\"pl-PL\",\"potentialAction\":[{\"@type\":\"ReadAction\",\"target\":[\"https:\\\/\\\/www.usgdoppler.com\\\/index.php\\\/kontakt\\\/\"]}]},{\"@type\":\"BreadcrumbList\",\"@id\":\"https:\\\/\\\/www.usgdoppler.com\\\/index.php\\\/kontakt\\\/#breadcrumb\",\"itemListElement\":[{\"@type\":\"ListItem\",\"position\":1,\"name\":\"Home\",\"item\":\"https:\\\/\\\/www.usgdoppler.com\\\/\"},{\"@type\":\"ListItem\",\"position\":2,\"name\":\"Kontakt\"}]},{\"@type\":\"WebSite\",\"@id\":\"https:\\\/\\\/www.usgdoppler.com\\\/#website\",\"url\":\"https:\\\/\\\/www.usgdoppler.com\\\/\",\"name\":\"Gabinet USG Doppler\",\"description\":\"Badania USG i Dopplerowskie Opisy bada\u0144 najwy\u017cszej jako\u015bci\",\"publisher\":{\"@id\":\"https:\\\/\\\/www.usgdoppler.com\\\/#organization\"},\"potentialAction\":[{\"@type\":\"SearchAction\",\"target\":{\"@type\":\"EntryPoint\",\"urlTemplate\":\"https:\\\/\\\/www.usgdoppler.com\\\/?s={search_term_string}\"},\"query-input\":{\"@type\":\"PropertyValueSpecification\",\"valueRequired\":true,\"valueName\":\"search_term_string\"}}],\"inLanguage\":\"pl-PL\"},{\"@type\":\"Organization\",\"@id\":\"https:\\\/\\\/www.usgdoppler.com\\\/#organization\",\"name\":\"Gabinet USG Doppler\",\"url\":\"https:\\\/\\\/www.usgdoppler.com\\\/\",\"logo\":{\"@type\":\"ImageObject\",\"inLanguage\":\"pl-PL\",\"@id\":\"https:\\\/\\\/www.usgdoppler.com\\\/#\\\/schema\\\/logo\\\/image\\\/\",\"url\":\"https:\\\/\\\/www.usgdoppler.com\\\/wp-content\\\/uploads\\\/2023\\\/07\\\/USG-Doppler.png\",\"contentUrl\":\"https:\\\/\\\/www.usgdoppler.com\\\/wp-content\\\/uploads\\\/2023\\\/07\\\/USG-Doppler.png\",\"width\":500,\"height\":500,\"caption\":\"Gabinet USG Doppler\"},\"image\":{\"@id\":\"https:\\\/\\\/www.usgdoppler.com\\\/#\\\/schema\\\/logo\\\/image\\\/\"}}]}<\/script>\n<!-- \/ Yoast SEO plugin. -->","yoast_head_json":{"title":"Kontakt - Gabinet USG Doppler","robots":{"index":"index","follow":"follow","max-snippet":"max-snippet:-1","max-image-preview":"max-image-preview:large","max-video-preview":"max-video-preview:-1"},"canonical":"https:\/\/www.usgdoppler.com\/index.php\/kontakt\/","og_locale":"pl_PL","og_type":"article","og_title":"Kontakt - Gabinet USG Doppler","og_description":"Formularz kontaktowy [colibri_contact_form use_shortcode_style=&#8221;0&#8243; shortcode=&#8221;JTVCY29udGFjdC1mb3JtLTclMjBpZCUzRCUyMjEyNDYlMjIlMjB0aXRsZSUzRCUyMkZvcm11bGFyel8xJTIyJTVE&#8221;] Kontakt Niestety nie zawsze mog\u0119 odebra\u0107 telefon. Prosz\u0119 o kontakt na maila lub przez formularz. (+48) 502 488 725 kontakt@usgdoppler.com ul. Chojnicka 11 Ko\u015bcierzyna","og_url":"https:\/\/www.usgdoppler.com\/index.php\/kontakt\/","og_site_name":"Gabinet USG Doppler","article_modified_time":"2024-04-03T10:40:38+00:00","twitter_card":"summary_large_image","schema":{"@context":"https:\/\/schema.org","@graph":[{"@type":"WebPage","@id":"https:\/\/www.usgdoppler.com\/index.php\/kontakt\/","url":"https:\/\/www.usgdoppler.com\/index.php\/kontakt\/","name":"Kontakt - Gabinet USG Doppler","isPartOf":{"@id":"https:\/\/www.usgdoppler.com\/#website"},"datePublished":"2019-03-06T12:39:43+00:00","dateModified":"2024-04-03T10:40:38+00:00","breadcrumb":{"@id":"https:\/\/www.usgdoppler.com\/index.php\/kontakt\/#breadcrumb"},"inLanguage":"pl-PL","potentialAction":[{"@type":"ReadAction","target":["https:\/\/www.usgdoppler.com\/index.php\/kontakt\/"]}]},{"@type":"BreadcrumbList","@id":"https:\/\/www.usgdoppler.com\/index.php\/kontakt\/#breadcrumb","itemListElement":[{"@type":"ListItem","position":1,"name":"Home","item":"https:\/\/www.usgdoppler.com\/"},{"@type":"ListItem","position":2,"name":"Kontakt"}]},{"@type":"WebSite","@id":"https:\/\/www.usgdoppler.com\/#website","url":"https:\/\/www.usgdoppler.com\/","name":"Gabinet USG Doppler","description":"Badania USG i Dopplerowskie Opisy bada\u0144 najwy\u017cszej jako\u015bci","publisher":{"@id":"https:\/\/www.usgdoppler.com\/#organization"},"potentialAction":[{"@type":"SearchAction","target":{"@type":"EntryPoint","urlTemplate":"https:\/\/www.usgdoppler.com\/?s={search_term_string}"},"query-input":{"@type":"PropertyValueSpecification","valueRequired":true,"valueName":"search_term_string"}}],"inLanguage":"pl-PL"},{"@type":"Organization","@id":"https:\/\/www.usgdoppler.com\/#organization","name":"Gabinet USG Doppler","url":"https:\/\/www.usgdoppler.com\/","logo":{"@type":"ImageObject","inLanguage":"pl-PL","@id":"https:\/\/www.usgdoppler.com\/#\/schema\/logo\/image\/","url":"https:\/\/www.usgdoppler.com\/wp-content\/uploads\/2023\/07\/USG-Doppler.png","contentUrl":"https:\/\/www.usgdoppler.com\/wp-content\/uploads\/2023\/07\/USG-Doppler.png","width":500,"height":500,"caption":"Gabinet USG Doppler"},"image":{"@id":"https:\/\/www.usgdoppler.com\/#\/schema\/logo\/image\/"}}]}},"_links":{"self":[{"href":"https:\/\/www.usgdoppler.com\/index.php\/wp-json\/wp\/v2\/pages\/423","targetHints":{"allow":["GET"]}}],"collection":[{"href":"https:\/\/www.usgdoppler.com\/index.php\/wp-json\/wp\/v2\/pages"}],"about":[{"href":"https:\/\/www.usgdoppler.com\/index.php\/wp-json\/wp\/v2\/types\/page"}],"author":[{"embeddable":true,"href":"https:\/\/www.usgdoppler.com\/index.php\/wp-json\/wp\/v2\/users\/1"}],"replies":[{"embeddable":true,"href":"https:\/\/www.usgdoppler.com\/index.php\/wp-json\/wp\/v2\/comments?post=423"}],"version-history":[{"count":11,"href":"https:\/\/www.usgdoppler.com\/index.php\/wp-json\/wp\/v2\/pages\/423\/revisions"}],"predecessor-version":[{"id":1432,"href":"https:\/\/www.usgdoppler.com\/index.php\/wp-json\/wp\/v2\/pages\/423\/revisions\/1432"}],"wp:attachment":[{"href":"https:\/\/www.usgdoppler.com\/index.php\/wp-json\/wp\/v2\/media?parent=423"}],"curies":[{"name":"wp","href":"https:\/\/api.w.org\/{rel}","templated":true}]}}